{"id":40,"date":"2023-03-20T17:56:13","date_gmt":"2023-03-20T17:56:13","guid":{"rendered":"http:\/\/lasfotosdeles.eu\/?page_id=40"},"modified":"2025-11-18T18:29:55","modified_gmt":"2025-11-18T18:29:55","slug":"sobre-mi","status":"publish","type":"page","link":"https:\/\/lasfotosdeles.eu\/index.php\/sobre-mi\/","title":{"rendered":"Sobre mi"},"content":{"rendered":"\t\t<div data-elementor-type=\"wp-page\" data-elementor-id=\"40\" class=\"elementor elementor-40\">\n\t\t\t\t\t\t<section class=\"elementor-section elementor-top-section elementor-element elementor-element-11d49d55 elementor-section-boxed elementor-section-height-default elementor-section-height-default\" data-id=\"11d49d55\" data-element_type=\"section\" data-e-type=\"section\">\n\t\t\t\t\t\t<div class=\"elementor-container elementor-column-gap-default\">\n\t\t\t\t\t<div class=\"elementor-column elementor-col-100 elementor-top-column elementor-element elementor-element-71272f6f\" data-id=\"71272f6f\" data-element_type=\"column\" data-e-type=\"column\">\n\t\t\t<div class=\"elementor-widget-wrap elementor-element-populated\">\n\t\t\t\t\t\t<div class=\"elementor-element elementor-element-2639316 elementor-widget elementor-widget-text-editor\" data-id=\"2639316\" data-element_type=\"widget\" data-e-type=\"widget\" data-widget_type=\"text-editor.default\">\n\t\t\t\t<div class=\"elementor-widget-container\">\n\t\t\t\t\t\t\t\t\t\n<p><\/p>\n\n\n\n<p><\/p>\n\t\t\t\t\t\t\t\t<\/div>\n\t\t\t\t<\/div>\n\t\t\t\t\t<\/div>\n\t\t<\/div>\n\t\t\t\t\t<\/div>\n\t\t<\/section>\n\t\t\t\t<section class=\"elementor-section elementor-top-section elementor-element elementor-element-6db72d9 elementor-section-boxed elementor-section-height-default elementor-section-height-default\" data-id=\"6db72d9\" data-element_type=\"section\" data-e-type=\"section\">\n\t\t\t\t\t\t<div class=\"elementor-container elementor-column-gap-default\">\n\t\t\t\t\t<div class=\"elementor-column elementor-col-100 elementor-top-column elementor-element elementor-element-f06e96d\" data-id=\"f06e96d\" data-element_type=\"column\" data-e-type=\"column\">\n\t\t\t<div class=\"elementor-widget-wrap elementor-element-populated\">\n\t\t\t\t\t\t<div class=\"elementor-element elementor-element-4b62e95 elementor-widget__width-initial elementor-widget elementor-widget-text-editor\" data-id=\"4b62e95\" data-element_type=\"widget\" data-e-type=\"widget\" data-widget_type=\"text-editor.default\">\n\t\t\t\t<div class=\"elementor-widget-container\">\n\t\t\t\t\t\t\t\t\t<p style=\"padding-left: 40px;\"><span style=\"vertical-align: inherit;\"><span style=\"vertical-align: inherit;\"><span style=\"vertical-align: inherit;\"><span style=\"vertical-align: inherit;\"><span style=\"vertical-align: inherit;\"><span style=\"vertical-align: inherit;\"><span style=\"vertical-align: inherit;\"><span style=\"vertical-align: inherit;\"><span style=\"vertical-align: inherit;\"><span style=\"vertical-align: inherit;\">\u00a0<\/span><\/span><\/span><\/span><\/span><\/span><\/span><\/span><\/span><\/span><\/p>\n<p>\u00a0<\/p>\n<p>Mi trabajo es eminentemente humanista, por eso el retrato, la vida en la calle, y todo lo que me rodea, a m\u00ed y a mi gente, suele ser \u201cel tema\u201d elegido. Pero me dejo llevar, por mi estado de \u00e1nimo, por todo lo que me sucede, por lo que sucede a los m\u00edos, por lo que no me sucede, por lo que a\u00f1oro, por lo que me chirr\u00eda, por lo que me fascina; y seguro que muchas veces no es m\u00e1s que una b\u00fasqueda, que, aunque no me lleve a ning\u00fan sitio, s\u00ed me permite disfrutar del proceso.<\/p>\n<p>Mirar, enfocar, disparar, en definitiva, experimentar la vida.<\/p>\n<p>La c\u00e1mara es la herramienta que me permite interaccionar con determinados seres vivos, de una manera positiva, es una estrategia de apoyo en la comunicaci\u00f3n y por supuesto tambi\u00e9n para expresar emociones.<\/p>\n<p>Pertenezco a varios colectivos, entre ellos: <a href=\"https:\/\/olloatlantico.com\/\">Ollo Atl\u00e1ntico<\/a>, donde comparto con colegas, algo que es tan individual como la fotograf\u00eda.<\/p>\n<p>He realizado m\u00faltiples exposiciones individuales y colectivas. He publicado un libro:<a href=\"https:\/\/publicacionesarenas.com\/producto\/ssszzziuuu-la-melodia-de-las-peonzas\/\"> Ssszzzi\u00fauu<\/a>, y he plantado alg\u00fan \u00e1rbol. Adem\u00e1s en el 2024 he conseguido una beca en el <a href=\"https:\/\/fundacionsantamariadealbarracin.com\/images\/PDF\/2025\/Programa_Seminario%20Fotografia%20y%20Periodismo%202025.pdf\">Seminario de Fotograf\u00eda y periodismo de Albarrac\u00edn<\/a><\/p>\n<p>\u00a0<\/p>\n<p><strong><span style=\"vertical-align: inherit;\"><span style=\"vertical-align: inherit;\"><span style=\"vertical-align: inherit;\"><span style=\"vertical-align: inherit;\"><u><span style=\"vertical-align: inherit;\"><span style=\"vertical-align: inherit;\"><span style=\"vertical-align: inherit;\"><span style=\"vertical-align: inherit;\"><span style=\"vertical-align: inherit;\"><span style=\"vertical-align: inherit;\">Mi correo: les@las<\/span><\/span><\/span><\/span><\/span><\/span><\/u><\/span><\/span><\/span><\/span><\/strong><strong><span style=\"vertical-align: inherit;\"><span style=\"vertical-align: inherit;\"><span style=\"vertical-align: inherit;\"><span style=\"vertical-align: inherit;\"><u><span style=\"vertical-align: inherit;\"><span style=\"vertical-align: inherit;\"><span style=\"vertical-align: inherit;\"><span style=\"vertical-align: inherit;\"><span style=\"vertical-align: inherit;\"><span style=\"vertical-align: inherit;\">fotosdeles.eu<\/span><\/span><\/span><\/span><\/span><\/span><\/u><\/span><\/span><\/span><\/span><\/strong><\/p>\n<p>\u00a0<\/p>\n<p><strong>\u00a0<\/strong><\/p>\n<p>\u00a0<\/p>\t\t\t\t\t\t\t\t<\/div>\n\t\t\t\t<\/div>\n\t\t\t\t<div class=\"elementor-element elementor-element-c823b02 elementor-shape-rounded elementor-grid-0 e-grid-align-center elementor-widget elementor-widget-social-icons\" data-id=\"c823b02\" data-element_type=\"widget\" data-e-type=\"widget\" data-widget_type=\"social-icons.default\">\n\t\t\t\t<div class=\"elementor-widget-container\">\n\t\t\t\t\t\t\t<div class=\"elementor-social-icons-wrapper elementor-grid\">\n\t\t\t\t\t\t\t<span class=\"elementor-grid-item\">\n\t\t\t\t\t<a class=\"elementor-icon elementor-social-icon elementor-social-icon-instagram elementor-repeater-item-9d369a6\" href=\"https:\/\/www.instagram.com\/les.lasfotosdeles?utm_source=ig_web_button_share_sheet&#038;igsh=ZDNlZDc0MzIxNw==\" target=\"_blank\">\n\t\t\t\t\t\t<span class=\"elementor-screen-only\">Instagram<\/span>\n\t\t\t\t\t\t<i aria-hidden=\"true\" class=\"fab fa-instagram\"><\/i>\t\t\t\t\t<\/a>\n\t\t\t\t<\/span>\n\t\t\t\t\t<\/div>\n\t\t\t\t\t\t<\/div>\n\t\t\t\t<\/div>\n\t\t\t\t\t<\/div>\n\t\t<\/div>\n\t\t\t\t\t<\/div>\n\t\t<\/section>\n\t\t\t\t<section class=\"elementor-section elementor-top-section elementor-element elementor-element-f1b4141 elementor-section-boxed elementor-section-height-default elementor-section-height-default\" data-id=\"f1b4141\" data-element_type=\"section\" data-e-type=\"section\">\n\t\t\t\t\t\t<div class=\"elementor-container elementor-column-gap-default\">\n\t\t\t\t\t<div class=\"elementor-column elementor-col-100 elementor-top-column elementor-element elementor-element-333f3f4\" data-id=\"333f3f4\" data-element_type=\"column\" data-e-type=\"column\">\n\t\t\t<div class=\"elementor-widget-wrap elementor-element-populated\">\n\t\t\t\t\t\t<div class=\"elementor-element elementor-element-61e3c83 elementor-shape-rounded elementor-grid-0 e-grid-align-center elementor-widget elementor-widget-social-icons\" data-id=\"61e3c83\" data-element_type=\"widget\" data-e-type=\"widget\" data-widget_type=\"social-icons.default\">\n\t\t\t\t<div class=\"elementor-widget-container\">\n\t\t\t\t\t\t\t<div class=\"elementor-social-icons-wrapper elementor-grid\">\n\t\t\t\t\t\t\t<span class=\"elementor-grid-item\">\n\t\t\t\t\t<a class=\"elementor-icon elementor-social-icon elementor-social-icon-facebook elementor-repeater-item-8d9bd34\" href=\"https:\/\/www.facebook.com\/lasfotosdeles\/\" target=\"_blank\">\n\t\t\t\t\t\t<span class=\"elementor-screen-only\">Facebook<\/span>\n\t\t\t\t\t\t<i aria-hidden=\"true\" class=\"fab fa-facebook\"><\/i>\t\t\t\t\t<\/a>\n\t\t\t\t<\/span>\n\t\t\t\t\t<\/div>\n\t\t\t\t\t\t<\/div>\n\t\t\t\t<\/div>\n\t\t\t\t\t<\/div>\n\t\t<\/div>\n\t\t\t\t\t<\/div>\n\t\t<\/section>\n\t\t\t\t<\/div>\n\t\t","protected":false},"excerpt":{"rendered":"<p>\u00a0 \u00a0 Mi trabajo es eminentemente humanista, por eso el retrato, la vida en la calle, y todo lo que me rodea, a m\u00ed y a mi gente, suele ser \u201cel tema\u201d elegido. Pero me dejo llevar, por mi estado de \u00e1nimo, por todo lo que me sucede, por lo que sucede a los m\u00edos, [&hellip;]<\/p>\n","protected":false},"author":1,"featured_media":0,"parent":0,"menu_order":0,"comment_status":"closed","ping_status":"closed","template":"","meta":{"two_page_speed":[],"footnotes":""},"class_list":["post-40","page","type-page","status-publish","hentry"],"_links":{"self":[{"href":"https:\/\/lasfotosdeles.eu\/index.php\/wp-json\/wp\/v2\/pages\/40","targetHints":{"allow":["GET"]}}],"collection":[{"href":"https:\/\/lasfotosdeles.eu\/index.php\/wp-json\/wp\/v2\/pages"}],"about":[{"href":"https:\/\/lasfotosdeles.eu\/index.php\/wp-json\/wp\/v2\/types\/page"}],"author":[{"embeddable":true,"href":"https:\/\/lasfotosdeles.eu\/index.php\/wp-json\/wp\/v2\/users\/1"}],"replies":[{"embeddable":true,"href":"https:\/\/lasfotosdeles.eu\/index.php\/wp-json\/wp\/v2\/comments?post=40"}],"version-history":[{"count":105,"href":"https:\/\/lasfotosdeles.eu\/index.php\/wp-json\/wp\/v2\/pages\/40\/revisions"}],"predecessor-version":[{"id":2111,"href":"https:\/\/lasfotosdeles.eu\/index.php\/wp-json\/wp\/v2\/pages\/40\/revisions\/2111"}],"wp:attachment":[{"href":"https:\/\/lasfotosdeles.eu\/index.php\/wp-json\/wp\/v2\/media?parent=40"}],"curies":[{"name":"wp","href":"https:\/\/api.w.org\/{rel}","templated":true}]}}