{"id":1902,"date":"2025-10-03T11:45:02","date_gmt":"2025-10-03T11:45:02","guid":{"rendered":"https:\/\/lasfotosdeles.eu\/?page_id=1902"},"modified":"2025-10-16T16:32:07","modified_gmt":"2025-10-16T16:32:07","slug":"mandaio-as-nosas-mulleres","status":"publish","type":"page","link":"https:\/\/lasfotosdeles.eu\/index.php\/mandaio-as-nosas-mulleres\/","title":{"rendered":"Mandaio, as nosas mulleres"},"content":{"rendered":"\t\t<div data-elementor-type=\"wp-page\" data-elementor-id=\"1902\" class=\"elementor elementor-1902\">\n\t\t\t\t\t\t<section class=\"elementor-section elementor-top-section elementor-element elementor-element-2fc2d927 elementor-section-boxed elementor-section-height-default elementor-section-height-default\" data-id=\"2fc2d927\" data-element_type=\"section\" data-e-type=\"section\">\n\t\t\t\t\t\t<div class=\"elementor-container elementor-column-gap-default\">\n\t\t\t\t\t<div class=\"elementor-column elementor-col-100 elementor-top-column elementor-element elementor-element-4f215b96\" data-id=\"4f215b96\" data-element_type=\"column\" data-e-type=\"column\">\n\t\t\t<div class=\"elementor-widget-wrap\">\n\t\t\t\t\t\t\t<\/div>\n\t\t<\/div>\n\t\t\t\t\t<\/div>\n\t\t<\/section>\n\t\t\t\t<section class=\"elementor-section elementor-top-section elementor-element elementor-element-13190eb elementor-section-boxed elementor-section-height-default elementor-section-height-default\" data-id=\"13190eb\" data-element_type=\"section\" data-e-type=\"section\">\n\t\t\t\t\t\t<div class=\"elementor-container elementor-column-gap-default\">\n\t\t\t\t\t<div class=\"elementor-column elementor-col-100 elementor-top-column elementor-element elementor-element-431c570\" data-id=\"431c570\" data-element_type=\"column\" data-e-type=\"column\">\n\t\t\t<div class=\"elementor-widget-wrap elementor-element-populated\">\n\t\t\t\t\t\t<div class=\"elementor-element elementor-element-0a36a6b elementor-widget elementor-widget-text-editor\" data-id=\"0a36a6b\" data-element_type=\"widget\" data-e-type=\"widget\" data-widget_type=\"text-editor.default\">\n\t\t\t\t<div class=\"elementor-widget-container\">\n\t\t\t\t\t\t\t\t\t<div class=\"wp-block-columns\" style=\"text-align: left;\">\n<p style=\"text-align: center;\"><\/p>\n<div class=\"wp-block-column is-layout-flow wp-block-column-is-layout-flow\" style=\"flex-basis: 100%;\">\n<p><\/p>\n<p>\u00a0<\/p>\n<p><\/p>\n<blockquote class=\"wp-block-quote is-layout-flow wp-block-quote-is-layout-flow\">\n<p><\/p>\n<div class=\"wp-block-columns is-layout-flex wp-container-core-columns-is-layout-28f84493 wp-block-columns-is-layout-flex\">\n<p style=\"text-align: center;\">En el a\u00f1o 2024, me dediqu\u00e9 a ir por la parroquia de Mandaio (Concello de Oza-Cesuras), fotograf\u00edando a todas las mujeres con sus casas, con una c\u00e1mara de formato medio. Eso se pudo ver en el campo de la fiesta, el d\u00eda de las Flores, en una exposici\u00f3n ef\u00edmera, que luego se llev\u00f3 al museo de Cesuras.<\/p>\n<p>\u00a0<\/p>\n<div class=\"wp-block-column\">\n<p><\/p>\n<p>\u00a0<\/p>\n<p><\/p>\n<\/div>\n<pre><\/pre>\n<p class=\"is-layout-flow wp-block-column-is-layout-flow\">\u00a0<\/p>\n<p><\/p>\n<\/div>\n<pre><\/pre>\n<\/blockquote>\n<pre><\/pre>\n<\/div>\n<pre><!-- \/wp:column --><\/pre>\n<\/div>\n<pre><!-- \/wp:columns --><!-- wp:image {\"id\":1903,\"sizeSlug\":\"large\",\"linkDestination\":\"none\"} --><\/pre>\n<p>\u00a0<\/p>\n<p><img fetchpriority=\"high\" decoding=\"async\" width=\"731\" height=\"1024\" class=\"wp-image-1903\" src=\"https:\/\/lasfotosdeles.eu\/wp-content\/uploads\/2025\/10\/todas-731x1024.jpg\" alt=\"\" srcset=\"https:\/\/lasfotosdeles.eu\/wp-content\/uploads\/2025\/10\/todas-731x1024.jpg 731w, https:\/\/lasfotosdeles.eu\/wp-content\/uploads\/2025\/10\/todas-214x300.jpg 214w, https:\/\/lasfotosdeles.eu\/wp-content\/uploads\/2025\/10\/todas-768x1075.jpg 768w, https:\/\/lasfotosdeles.eu\/wp-content\/uploads\/2025\/10\/todas-1097x1536.jpg 1097w, https:\/\/lasfotosdeles.eu\/wp-content\/uploads\/2025\/10\/todas-1463x2048.jpg 1463w, https:\/\/lasfotosdeles.eu\/wp-content\/uploads\/2025\/10\/todas-429x600.jpg 429w, https:\/\/lasfotosdeles.eu\/wp-content\/uploads\/2025\/10\/todas-scaled.jpg 1829w\" sizes=\"(max-width: 731px) 100vw, 731px\" \/>s<\/p>\n<p><!-- \/wp:image --><!-- wp:paragraph --><\/p>\n<p><!-- \/wp:paragraph --><\/p>\t\t\t\t\t\t\t\t<\/div>\n\t\t\t\t<\/div>\n\t\t\t\t\t<\/div>\n\t\t<\/div>\n\t\t\t\t\t<\/div>\n\t\t<\/section>\n\t\t\t\t<section class=\"elementor-section elementor-top-section elementor-element elementor-element-47f45f0 elementor-section-boxed elementor-section-height-default elementor-section-height-default\" data-id=\"47f45f0\" data-element_type=\"section\" data-e-type=\"section\">\n\t\t\t\t\t\t<div class=\"elementor-container elementor-column-gap-default\">\n\t\t\t\t\t<div class=\"elementor-column elementor-col-100 elementor-top-column elementor-element elementor-element-f34ef5f\" data-id=\"f34ef5f\" data-element_type=\"column\" data-e-type=\"column\">\n\t\t\t<div class=\"elementor-widget-wrap\">\n\t\t\t\t\t\t\t<\/div>\n\t\t<\/div>\n\t\t\t\t\t<\/div>\n\t\t<\/section>\n\t\t\t\t<section class=\"elementor-section elementor-top-section elementor-element elementor-element-18d31cf elementor-section-boxed elementor-section-height-default elementor-section-height-default\" data-id=\"18d31cf\" data-element_type=\"section\" data-e-type=\"section\">\n\t\t\t\t\t\t<div class=\"elementor-container elementor-column-gap-default\">\n\t\t\t\t\t<div class=\"elementor-column elementor-col-100 elementor-top-column elementor-element elementor-element-49e30a1\" data-id=\"49e30a1\" data-element_type=\"column\" data-e-type=\"column\">\n\t\t\t<div class=\"elementor-widget-wrap\">\n\t\t\t\t\t\t\t<\/div>\n\t\t<\/div>\n\t\t\t\t\t<\/div>\n\t\t<\/section>\n\t\t\t\t<\/div>\n\t\t","protected":false},"excerpt":{"rendered":"<p>\u00a0 \u00a0 \u00a0 s<\/p>\n","protected":false},"author":1,"featured_media":0,"parent":0,"menu_order":0,"comment_status":"closed","ping_status":"closed","template":"","meta":{"two_page_speed":[],"footnotes":""},"class_list":["post-1902","page","type-page","status-publish","hentry"],"_links":{"self":[{"href":"https:\/\/lasfotosdeles.eu\/index.php\/wp-json\/wp\/v2\/pages\/1902","targetHints":{"allow":["GET"]}}],"collection":[{"href":"https:\/\/lasfotosdeles.eu\/index.php\/wp-json\/wp\/v2\/pages"}],"about":[{"href":"https:\/\/lasfotosdeles.eu\/index.php\/wp-json\/wp\/v2\/types\/page"}],"author":[{"embeddable":true,"href":"https:\/\/lasfotosdeles.eu\/index.php\/wp-json\/wp\/v2\/users\/1"}],"replies":[{"embeddable":true,"href":"https:\/\/lasfotosdeles.eu\/index.php\/wp-json\/wp\/v2\/comments?post=1902"}],"version-history":[{"count":18,"href":"https:\/\/lasfotosdeles.eu\/index.php\/wp-json\/wp\/v2\/pages\/1902\/revisions"}],"predecessor-version":[{"id":1931,"href":"https:\/\/lasfotosdeles.eu\/index.php\/wp-json\/wp\/v2\/pages\/1902\/revisions\/1931"}],"wp:attachment":[{"href":"https:\/\/lasfotosdeles.eu\/index.php\/wp-json\/wp\/v2\/media?parent=1902"}],"curies":[{"name":"wp","href":"https:\/\/api.w.org\/{rel}","templated":true}]}}