{"id":132,"date":"2023-03-21T11:12:39","date_gmt":"2023-03-21T11:12:39","guid":{"rendered":"http:\/\/lasfotosdeles.eu\/?page_id=132"},"modified":"2025-11-18T22:33:47","modified_gmt":"2025-11-18T22:33:47","slug":"inixio","status":"publish","type":"page","link":"https:\/\/lasfotosdeles.eu\/","title":{"rendered":"Inicio"},"content":{"rendered":"\t\t<div data-elementor-type=\"wp-page\" data-elementor-id=\"132\" class=\"elementor elementor-132\">\n\t\t\t\t\t\t<section class=\"elementor-section elementor-top-section elementor-element elementor-element-33efe42 elementor-section-boxed elementor-section-height-default elementor-section-height-default\" data-id=\"33efe42\" data-element_type=\"section\" data-e-type=\"section\">\n\t\t\t\t\t\t<div class=\"elementor-container elementor-column-gap-default\">\n\t\t\t\t\t<div class=\"elementor-column elementor-col-100 elementor-top-column elementor-element elementor-element-4e4ad06\" data-id=\"4e4ad06\" data-element_type=\"column\" data-e-type=\"column\">\n\t\t\t<div class=\"elementor-widget-wrap elementor-element-populated\">\n\t\t\t\t\t\t<div class=\"elementor-element elementor-element-9e49a8d elementor-widget elementor-widget-text-editor\" data-id=\"9e49a8d\" data-element_type=\"widget\" data-e-type=\"widget\" data-widget_type=\"text-editor.default\">\n\t\t\t\t<div class=\"elementor-widget-container\">\n\t\t\t\t\t\t\t\t\t<p><span style=\"vertical-align: inherit;\"><span style=\"vertical-align: inherit;\"><span style=\"vertical-align: inherit;\"><span style=\"vertical-align: inherit;\">\u00a0<\/span><\/span><\/span><\/span><\/p><p style=\"text-align: center;\"><span style=\"vertical-align: inherit;\"><span style=\"vertical-align: inherit;\"><span style=\"vertical-align: inherit;\"><span style=\"vertical-align: inherit;\">\u00a1 Hola !<\/span><\/span><\/span><\/span><span style=\"vertical-align: inherit;\"> <span style=\"vertical-align: inherit;\"><span style=\"vertical-align: inherit;\"><span style=\"vertical-align: inherit;\">Soy Les<\/span><\/span><\/span><\/span><\/p><p style=\"text-align: center;\"><span style=\"vertical-align: inherit;\"><span style=\"vertical-align: inherit;\"><span style=\"vertical-align: inherit;\"><span style=\"vertical-align: inherit;\">Fotografiar, es mi manera de expresar lo que pienso, lo que me duele, lo que siento.<\/span><\/span><\/span><\/span><\/p><p style=\"text-align: center;\"><span style=\"vertical-align: inherit;\"><span style=\"vertical-align: inherit;\"><span style=\"vertical-align: inherit;\"><span style=\"vertical-align: inherit;\"> Casi siempre cerca, muy cerca; incluso a veces sin salir\u00a0<\/span><\/span><\/span><\/span><span style=\"vertical-align: inherit;\"><span style=\"vertical-align: inherit;\"><span style=\"vertical-align: inherit;\"><span style=\"vertical-align: inherit;\">de m\u00ed.<\/span><\/span><\/span><\/span><\/p><p style=\"text-align: center;\">Todo empez\u00f3 un d\u00eda que entr\u00e9 en un cuarto oscuro y como una droga que te invade, acab\u00f3 apoder\u00e1ndose de m\u00ed.<\/p><p style=\"text-align: center;\">Aunque hoy en d\u00eda ya trabajo la mayor parte en digital, todav\u00eda sigo disfrutando de la luz roja.<\/p><p style=\"text-align: center;\"><span style=\"vertical-align: inherit;\"><span style=\"vertical-align: inherit;\"><span style=\"vertical-align: inherit;\"><span style=\"vertical-align: inherit;\">\u00a0<\/span><\/span><\/span><\/span><\/p>\t\t\t\t\t\t\t\t<\/div>\n\t\t\t\t<\/div>\n\t\t\t\t\t<\/div>\n\t\t<\/div>\n\t\t\t\t\t<\/div>\n\t\t<\/section>\n\t\t\t\t<section class=\"elementor-section elementor-top-section elementor-element elementor-element-e979bb3 elementor-section-height-min-height elementor-section-boxed elementor-section-height-default elementor-section-items-middle\" data-id=\"e979bb3\" data-element_type=\"section\" data-e-type=\"section\">\n\t\t\t\t\t\t<div class=\"elementor-container elementor-column-gap-default\">\n\t\t\t\t\t<div class=\"elementor-column elementor-col-100 elementor-top-column elementor-element elementor-element-9e1f439\" data-id=\"9e1f439\" data-element_type=\"column\" data-e-type=\"column\">\n\t\t\t<div class=\"elementor-widget-wrap elementor-element-populated\">\n\t\t\t\t\t\t<div class=\"elementor-element elementor-element-ab0fd36 elementor-arrows-position-outside elementor-pagination-position-outside elementor-widget elementor-widget-image-carousel\" data-id=\"ab0fd36\" data-element_type=\"widget\" data-e-type=\"widget\" data-settings=\"{&quot;slides_to_show&quot;:&quot;1&quot;,&quot;_animation&quot;:&quot;none&quot;,&quot;autoplay_speed&quot;:2000,&quot;navigation&quot;:&quot;both&quot;,&quot;autoplay&quot;:&quot;yes&quot;,&quot;pause_on_hover&quot;:&quot;yes&quot;,&quot;pause_on_interaction&quot;:&quot;yes&quot;,&quot;infinite&quot;:&quot;yes&quot;,&quot;effect&quot;:&quot;slide&quot;,&quot;speed&quot;:500}\" data-widget_type=\"image-carousel.default\">\n\t\t\t\t<div class=\"elementor-widget-container\">\n\t\t\t\t\t\t\t<div class=\"elementor-image-carousel-wrapper swiper\" role=\"region\" aria-roledescription=\"carousel\" aria-label=\"Carrusel de im\u00e1genes\" dir=\"ltr\">\n\t\t\t<div class=\"elementor-image-carousel swiper-wrapper\" aria-live=\"off\">\n\t\t\t\t\t\t\t\t<div class=\"swiper-slide\" role=\"group\" aria-roledescription=\"slide\" aria-label=\"1 de 11\"><a data-elementor-open-lightbox=\"yes\" data-elementor-lightbox-slideshow=\"ab0fd36\" data-elementor-lightbox-title=\"DSCF3444\" data-e-action-hash=\"#elementor-action%3Aaction%3Dlightbox%26settings%3DeyJpZCI6MjY0LCJ1cmwiOiJodHRwczpcL1wvbGFzZm90b3NkZWxlcy5ldVwvd3AtY29udGVudFwvdXBsb2Fkc1wvMjAyM1wvMDNcL0RTQ0YzNDQ0LmpwZyIsInNsaWRlc2hvdyI6ImFiMGZkMzYifQ%3D%3D\" href=\"https:\/\/lasfotosdeles.eu\/wp-content\/uploads\/2023\/03\/DSCF3444.jpg\"><figure class=\"swiper-slide-inner\"><img decoding=\"async\" class=\"swiper-slide-image\" src=\"https:\/\/lasfotosdeles.eu\/wp-content\/uploads\/2023\/03\/DSCF3444.jpg\" alt=\"DSCF3444\" \/><\/figure><\/a><\/div><div class=\"swiper-slide\" role=\"group\" aria-roledescription=\"slide\" aria-label=\"2 de 11\"><a data-elementor-open-lightbox=\"yes\" data-elementor-lightbox-slideshow=\"ab0fd36\" data-elementor-lightbox-title=\"52590529404_f8e2577635_o\" data-e-action-hash=\"#elementor-action%3Aaction%3Dlightbox%26settings%3DeyJpZCI6MzE0LCJ1cmwiOiJodHRwczpcL1wvbGFzZm90b3NkZWxlcy5ldVwvd3AtY29udGVudFwvdXBsb2Fkc1wvMjAyM1wvMDNcLzUyNTkwNTI5NDA0X2Y4ZTI1Nzc2MzVfby5qcGciLCJzbGlkZXNob3ciOiJhYjBmZDM2In0%3D\" href=\"https:\/\/lasfotosdeles.eu\/wp-content\/uploads\/2023\/03\/52590529404_f8e2577635_o.jpg\"><figure class=\"swiper-slide-inner\"><img decoding=\"async\" class=\"swiper-slide-image\" src=\"https:\/\/lasfotosdeles.eu\/wp-content\/uploads\/2023\/03\/52590529404_f8e2577635_o.jpg\" alt=\"52590529404_f8e2577635_o\" \/><\/figure><\/a><\/div><div class=\"swiper-slide\" role=\"group\" aria-roledescription=\"slide\" aria-label=\"3 de 11\"><a data-elementor-open-lightbox=\"yes\" data-elementor-lightbox-slideshow=\"ab0fd36\" data-elementor-lightbox-title=\"_DSF9146\" data-e-action-hash=\"#elementor-action%3Aaction%3Dlightbox%26settings%3DeyJpZCI6MjYxLCJ1cmwiOiJodHRwczpcL1wvbGFzZm90b3NkZWxlcy5ldVwvd3AtY29udGVudFwvdXBsb2Fkc1wvMjAyM1wvMDNcL0RTRjkxNDYuanBnIiwic2xpZGVzaG93IjoiYWIwZmQzNiJ9\" href=\"https:\/\/lasfotosdeles.eu\/wp-content\/uploads\/2023\/03\/DSF9146.jpg\"><figure class=\"swiper-slide-inner\"><img decoding=\"async\" class=\"swiper-slide-image\" src=\"https:\/\/lasfotosdeles.eu\/wp-content\/uploads\/2023\/03\/DSF9146.jpg\" alt=\"_DSF9146\" \/><\/figure><\/a><\/div><div class=\"swiper-slide\" role=\"group\" aria-roledescription=\"slide\" aria-label=\"4 de 11\"><a data-elementor-open-lightbox=\"yes\" data-elementor-lightbox-slideshow=\"ab0fd36\" data-elementor-lightbox-title=\"DSCF5009\" data-e-action-hash=\"#elementor-action%3Aaction%3Dlightbox%26settings%3DeyJpZCI6MjY1LCJ1cmwiOiJodHRwczpcL1wvbGFzZm90b3NkZWxlcy5ldVwvd3AtY29udGVudFwvdXBsb2Fkc1wvMjAyM1wvMDNcL0RTQ0Y1MDA5LmpwZyIsInNsaWRlc2hvdyI6ImFiMGZkMzYifQ%3D%3D\" href=\"https:\/\/lasfotosdeles.eu\/wp-content\/uploads\/2023\/03\/DSCF5009.jpg\"><figure class=\"swiper-slide-inner\"><img decoding=\"async\" class=\"swiper-slide-image\" src=\"https:\/\/lasfotosdeles.eu\/wp-content\/uploads\/2023\/03\/DSCF5009.jpg\" alt=\"DSCF5009\" \/><\/figure><\/a><\/div><div class=\"swiper-slide\" role=\"group\" aria-roledescription=\"slide\" aria-label=\"5 de 11\"><a data-elementor-open-lightbox=\"yes\" data-elementor-lightbox-slideshow=\"ab0fd36\" data-elementor-lightbox-title=\"_DSF3954\" data-e-action-hash=\"#elementor-action%3Aaction%3Dlightbox%26settings%3DeyJpZCI6MjU5LCJ1cmwiOiJodHRwczpcL1wvbGFzZm90b3NkZWxlcy5ldVwvd3AtY29udGVudFwvdXBsb2Fkc1wvMjAyM1wvMDNcL0RTRjM5NTQuanBnIiwic2xpZGVzaG93IjoiYWIwZmQzNiJ9\" href=\"https:\/\/lasfotosdeles.eu\/wp-content\/uploads\/2023\/03\/DSF3954.jpg\"><figure class=\"swiper-slide-inner\"><img decoding=\"async\" class=\"swiper-slide-image\" src=\"https:\/\/lasfotosdeles.eu\/wp-content\/uploads\/2023\/03\/DSF3954.jpg\" alt=\"_DSF3954\" \/><\/figure><\/a><\/div><div class=\"swiper-slide\" role=\"group\" aria-roledescription=\"slide\" aria-label=\"6 de 11\"><a data-elementor-open-lightbox=\"yes\" data-elementor-lightbox-slideshow=\"ab0fd36\" data-elementor-lightbox-title=\"DSCF1124\" data-e-action-hash=\"#elementor-action%3Aaction%3Dlightbox%26settings%3DeyJpZCI6MjYyLCJ1cmwiOiJodHRwczpcL1wvbGFzZm90b3NkZWxlcy5ldVwvd3AtY29udGVudFwvdXBsb2Fkc1wvMjAyM1wvMDNcL0RTQ0YxMTI0LmpwZyIsInNsaWRlc2hvdyI6ImFiMGZkMzYifQ%3D%3D\" href=\"https:\/\/lasfotosdeles.eu\/wp-content\/uploads\/2023\/03\/DSCF1124.jpg\"><figure class=\"swiper-slide-inner\"><img decoding=\"async\" class=\"swiper-slide-image\" src=\"https:\/\/lasfotosdeles.eu\/wp-content\/uploads\/2023\/03\/DSCF1124.jpg\" alt=\"DSCF1124\" \/><\/figure><\/a><\/div><div class=\"swiper-slide\" role=\"group\" aria-roledescription=\"slide\" aria-label=\"7 de 11\"><a data-elementor-open-lightbox=\"yes\" data-elementor-lightbox-slideshow=\"ab0fd36\" data-elementor-lightbox-title=\"_DSF0172\" data-e-action-hash=\"#elementor-action%3Aaction%3Dlightbox%26settings%3DeyJpZCI6MjY5LCJ1cmwiOiJodHRwczpcL1wvbGFzZm90b3NkZWxlcy5ldVwvd3AtY29udGVudFwvdXBsb2Fkc1wvMjAyM1wvMDNcL0RTRjAxNzIuanBnIiwic2xpZGVzaG93IjoiYWIwZmQzNiJ9\" href=\"https:\/\/lasfotosdeles.eu\/wp-content\/uploads\/2023\/03\/DSF0172.jpg\"><figure class=\"swiper-slide-inner\"><img decoding=\"async\" class=\"swiper-slide-image\" src=\"https:\/\/lasfotosdeles.eu\/wp-content\/uploads\/2023\/03\/DSF0172.jpg\" alt=\"_DSF0172\" \/><\/figure><\/a><\/div><div class=\"swiper-slide\" role=\"group\" aria-roledescription=\"slide\" aria-label=\"8 de 11\"><a data-elementor-open-lightbox=\"yes\" data-elementor-lightbox-slideshow=\"ab0fd36\" data-elementor-lightbox-title=\"a.\" data-e-action-hash=\"#elementor-action%3Aaction%3Dlightbox%26settings%3DeyJpZCI6MjcwLCJ1cmwiOiJodHRwczpcL1wvbGFzZm90b3NkZWxlcy5ldVwvd3AtY29udGVudFwvdXBsb2Fkc1wvMjAyM1wvMDNcL2EuLmpwZyIsInNsaWRlc2hvdyI6ImFiMGZkMzYifQ%3D%3D\" href=\"https:\/\/lasfotosdeles.eu\/wp-content\/uploads\/2023\/03\/a..jpg\"><figure class=\"swiper-slide-inner\"><img decoding=\"async\" class=\"swiper-slide-image\" src=\"https:\/\/lasfotosdeles.eu\/wp-content\/uploads\/2023\/03\/a..jpg\" alt=\"a.\" \/><\/figure><\/a><\/div><div class=\"swiper-slide\" role=\"group\" aria-roledescription=\"slide\" aria-label=\"9 de 11\"><a data-elementor-open-lightbox=\"yes\" data-elementor-lightbox-slideshow=\"ab0fd36\" data-elementor-lightbox-title=\"DSCF5542\" data-e-action-hash=\"#elementor-action%3Aaction%3Dlightbox%26settings%3DeyJpZCI6Mjc5LCJ1cmwiOiJodHRwczpcL1wvbGFzZm90b3NkZWxlcy5ldVwvd3AtY29udGVudFwvdXBsb2Fkc1wvMjAyM1wvMDNcL0RTQ0Y1NTQyLmpwZyIsInNsaWRlc2hvdyI6ImFiMGZkMzYifQ%3D%3D\" href=\"https:\/\/lasfotosdeles.eu\/wp-content\/uploads\/2023\/03\/DSCF5542.jpg\"><figure class=\"swiper-slide-inner\"><img decoding=\"async\" class=\"swiper-slide-image\" src=\"https:\/\/lasfotosdeles.eu\/wp-content\/uploads\/2023\/03\/DSCF5542.jpg\" alt=\"DSCF5542\" \/><\/figure><\/a><\/div><div class=\"swiper-slide\" role=\"group\" aria-roledescription=\"slide\" aria-label=\"10 de 11\"><a data-elementor-open-lightbox=\"yes\" data-elementor-lightbox-slideshow=\"ab0fd36\" data-elementor-lightbox-title=\"_DSF2923\" data-e-action-hash=\"#elementor-action%3Aaction%3Dlightbox%26settings%3DeyJpZCI6Mjc1LCJ1cmwiOiJodHRwczpcL1wvbGFzZm90b3NkZWxlcy5ldVwvd3AtY29udGVudFwvdXBsb2Fkc1wvMjAyM1wvMDNcL0RTRjI5MjMuanBnIiwic2xpZGVzaG93IjoiYWIwZmQzNiJ9\" href=\"https:\/\/lasfotosdeles.eu\/wp-content\/uploads\/2023\/03\/DSF2923.jpg\"><figure class=\"swiper-slide-inner\"><img decoding=\"async\" class=\"swiper-slide-image\" src=\"https:\/\/lasfotosdeles.eu\/wp-content\/uploads\/2023\/03\/DSF2923.jpg\" alt=\"_DSF2923\" \/><\/figure><\/a><\/div><div class=\"swiper-slide\" role=\"group\" aria-roledescription=\"slide\" aria-label=\"11 de 11\"><a data-elementor-open-lightbox=\"yes\" data-elementor-lightbox-slideshow=\"ab0fd36\" data-elementor-lightbox-title=\"DSCF5676\" data-e-action-hash=\"#elementor-action%3Aaction%3Dlightbox%26settings%3DeyJpZCI6MjgwLCJ1cmwiOiJodHRwczpcL1wvbGFzZm90b3NkZWxlcy5ldVwvd3AtY29udGVudFwvdXBsb2Fkc1wvMjAyM1wvMDNcL0RTQ0Y1Njc2LmpwZyIsInNsaWRlc2hvdyI6ImFiMGZkMzYifQ%3D%3D\" href=\"https:\/\/lasfotosdeles.eu\/wp-content\/uploads\/2023\/03\/DSCF5676.jpg\"><figure class=\"swiper-slide-inner\"><img decoding=\"async\" class=\"swiper-slide-image\" src=\"https:\/\/lasfotosdeles.eu\/wp-content\/uploads\/2023\/03\/DSCF5676.jpg\" alt=\"DSCF5676\" \/><\/figure><\/a><\/div>\t\t\t<\/div>\n\t\t\t\t\t\t\t\t\t\t\t\t<div class=\"elementor-swiper-button elementor-swiper-button-prev\" role=\"button\" tabindex=\"0\">\n\t\t\t\t\t\t<i aria-hidden=\"true\" class=\"eicon-chevron-left\"><\/i>\t\t\t\t\t<\/div>\n\t\t\t\t\t<div class=\"elementor-swiper-button elementor-swiper-button-next\" role=\"button\" tabindex=\"0\">\n\t\t\t\t\t\t<i aria-hidden=\"true\" class=\"eicon-chevron-right\"><\/i>\t\t\t\t\t<\/div>\n\t\t\t\t\n\t\t\t\t\t\t\t\t\t<div class=\"swiper-pagination\"><\/div>\n\t\t\t\t\t\t\t\t\t<\/div>\n\t\t\t\t\t\t<\/div>\n\t\t\t\t<\/div>\n\t\t\t\t\t<\/div>\n\t\t<\/div>\n\t\t\t\t\t<\/div>\n\t\t<\/section>\n\t\t\t\t<section class=\"elementor-section elementor-top-section elementor-element elementor-element-95cb54a elementor-section-boxed elementor-section-height-default elementor-section-height-default\" data-id=\"95cb54a\" data-element_type=\"section\" data-e-type=\"section\">\n\t\t\t\t\t\t<div class=\"elementor-container elementor-column-gap-default\">\n\t\t\t\t\t<div class=\"elementor-column elementor-col-100 elementor-top-column elementor-element elementor-element-084b401\" data-id=\"084b401\" data-element_type=\"column\" data-e-type=\"column\">\n\t\t\t<div class=\"elementor-widget-wrap\">\n\t\t\t\t\t\t\t<\/div>\n\t\t<\/div>\n\t\t\t\t\t<\/div>\n\t\t<\/section>\n\t\t\t\t<section class=\"elementor-section elementor-top-section elementor-element elementor-element-54fe521 elementor-section-boxed elementor-section-height-default elementor-section-height-default\" data-id=\"54fe521\" data-element_type=\"section\" data-e-type=\"section\">\n\t\t\t\t\t\t<div class=\"elementor-container elementor-column-gap-default\">\n\t\t\t\t\t<div class=\"elementor-column elementor-col-100 elementor-top-column elementor-element elementor-element-2112465\" data-id=\"2112465\" data-element_type=\"column\" data-e-type=\"column\">\n\t\t\t<div class=\"elementor-widget-wrap elementor-element-populated\">\n\t\t\t\t\t\t<div class=\"elementor-element elementor-element-d6894b6 elementor-widget__width-auto elementor-widget elementor-widget-image\" data-id=\"d6894b6\" data-element_type=\"widget\" data-e-type=\"widget\" data-widget_type=\"image.default\">\n\t\t\t\t<div class=\"elementor-widget-container\">\n\t\t\t\t\t\t\t\t\t\t\t\t<figure class=\"wp-caption\">\n\t\t\t\t\t\t\t\t\t\t\t<a href=\"https:\/\/lasfotosdeles.eu\/\">\n\t\t\t\t\t\t\t<img decoding=\"async\" width=\"150\" height=\"150\" src=\"https:\/\/lasfotosdeles.eu\/wp-content\/uploads\/2025\/11\/LestonnacIbanez-150x150.jpg\" class=\"attachment-thumbnail size-thumbnail wp-image-2002\" alt=\"\" srcset=\"https:\/\/lasfotosdeles.eu\/wp-content\/uploads\/2025\/11\/LestonnacIbanez-150x150.jpg 150w, https:\/\/lasfotosdeles.eu\/wp-content\/uploads\/2025\/11\/LestonnacIbanez-300x300.jpg 300w, https:\/\/lasfotosdeles.eu\/wp-content\/uploads\/2025\/11\/LestonnacIbanez-1024x1024.jpg 1024w, https:\/\/lasfotosdeles.eu\/wp-content\/uploads\/2025\/11\/LestonnacIbanez-768x768.jpg 768w, https:\/\/lasfotosdeles.eu\/wp-content\/uploads\/2025\/11\/LestonnacIbanez-600x600.jpg 600w, https:\/\/lasfotosdeles.eu\/wp-content\/uploads\/2025\/11\/LestonnacIbanez.jpg 1350w\" sizes=\"(max-width: 150px) 100vw, 150px\" \/>\t\t\t\t\t\t\t\t<\/a>\n\t\t\t\t\t\t\t\t\t\t\t<figcaption class=\"widget-image-caption wp-caption-text\">Foto: Hermano Lobo.<\/figcaption>\n\t\t\t\t\t\t\t\t\t\t<\/figure>\n\t\t\t\t\t\t\t\t\t<\/div>\n\t\t\t\t<\/div>\n\t\t\t\t<div class=\"elementor-element elementor-element-7be2aa8 elementor-widget elementor-widget-text-editor\" data-id=\"7be2aa8\" data-element_type=\"widget\" data-e-type=\"widget\" data-widget_type=\"text-editor.default\">\n\t\t\t\t<div class=\"elementor-widget-container\">\n\t\t\t\t\t\t\t\t\t<p>\u00a0<\/p><p>Esta de la foto soy yo.\u00a0Tu pasa y ponte c\u00f3modo<\/p>\t\t\t\t\t\t\t\t<\/div>\n\t\t\t\t<\/div>\n\t\t\t\t\t<\/div>\n\t\t<\/div>\n\t\t\t\t\t<\/div>\n\t\t<\/section>\n\t\t\t\t<\/div>\n\t\t","protected":false},"excerpt":{"rendered":"<p>\u00a0 \u00a1 Hola ! Soy Les Fotografiar, es mi manera de expresar lo que pienso, lo que me duele, lo que siento. Casi siempre cerca, muy cerca; incluso a veces sin salir\u00a0de m\u00ed. Todo empez\u00f3 un d\u00eda que entr\u00e9 en un cuarto oscuro y como una droga que te invade, acab\u00f3 apoder\u00e1ndose de m\u00ed. Aunque [&hellip;]<\/p>\n","protected":false},"author":1,"featured_media":0,"parent":0,"menu_order":0,"comment_status":"closed","ping_status":"closed","template":"","meta":{"two_page_speed":[],"footnotes":""},"class_list":["post-132","page","type-page","status-publish","hentry"],"_links":{"self":[{"href":"https:\/\/lasfotosdeles.eu\/index.php\/wp-json\/wp\/v2\/pages\/132","targetHints":{"allow":["GET"]}}],"collection":[{"href":"https:\/\/lasfotosdeles.eu\/index.php\/wp-json\/wp\/v2\/pages"}],"about":[{"href":"https:\/\/lasfotosdeles.eu\/index.php\/wp-json\/wp\/v2\/types\/page"}],"author":[{"embeddable":true,"href":"https:\/\/lasfotosdeles.eu\/index.php\/wp-json\/wp\/v2\/users\/1"}],"replies":[{"embeddable":true,"href":"https:\/\/lasfotosdeles.eu\/index.php\/wp-json\/wp\/v2\/comments?post=132"}],"version-history":[{"count":147,"href":"https:\/\/lasfotosdeles.eu\/index.php\/wp-json\/wp\/v2\/pages\/132\/revisions"}],"predecessor-version":[{"id":2117,"href":"https:\/\/lasfotosdeles.eu\/index.php\/wp-json\/wp\/v2\/pages\/132\/revisions\/2117"}],"wp:attachment":[{"href":"https:\/\/lasfotosdeles.eu\/index.php\/wp-json\/wp\/v2\/media?parent=132"}],"curies":[{"name":"wp","href":"https:\/\/api.w.org\/{rel}","templated":true}]}}