{"id":1317,"date":"2023-04-04T20:57:01","date_gmt":"2023-04-04T20:57:01","guid":{"rendered":"http:\/\/lasfotosdeles.eu\/?page_id=1317"},"modified":"2025-11-20T13:24:39","modified_gmt":"2025-11-20T13:24:39","slug":"publicacion-ssszzziuuu-la-melodia-de-las-peonzas","status":"publish","type":"page","link":"https:\/\/lasfotosdeles.eu\/index.php\/publicacion-ssszzziuuu-la-melodia-de-las-peonzas\/","title":{"rendered":"Publicaci\u00f3n: Ssszzzi\u00fauu"},"content":{"rendered":"\t\t<div data-elementor-type=\"wp-page\" data-elementor-id=\"1317\" class=\"elementor elementor-1317\">\n\t\t\t\t\t\t<section class=\"elementor-section elementor-top-section elementor-element elementor-element-6f642f5 elementor-section-boxed elementor-section-height-default elementor-section-height-default\" data-id=\"6f642f5\" data-element_type=\"section\" data-e-type=\"section\">\n\t\t\t\t\t\t<div class=\"elementor-container elementor-column-gap-default\">\n\t\t\t\t\t<div class=\"elementor-column elementor-col-100 elementor-top-column elementor-element elementor-element-68e6b38\" data-id=\"68e6b38\" data-element_type=\"column\" data-e-type=\"column\">\n\t\t\t<div class=\"elementor-widget-wrap elementor-element-populated\">\n\t\t\t\t\t\t<div class=\"elementor-element elementor-element-a04f8ec elementor-widget elementor-widget-text-editor\" data-id=\"a04f8ec\" data-element_type=\"widget\" data-e-type=\"widget\" data-widget_type=\"text-editor.default\">\n\t\t\t\t<div class=\"elementor-widget-container\">\n\t\t\t\t\t\t\t\t\t<p>Ssszzzi\u00fauu: La melod\u00eda de las peonzas.<\/p>\t\t\t\t\t\t\t\t<\/div>\n\t\t\t\t<\/div>\n\t\t\t\t\t<\/div>\n\t\t<\/div>\n\t\t\t\t\t<\/div>\n\t\t<\/section>\n\t\t\t\t<section class=\"elementor-section elementor-top-section elementor-element elementor-element-60d4164e elementor-section-boxed elementor-section-height-default elementor-section-height-default\" data-id=\"60d4164e\" data-element_type=\"section\" data-e-type=\"section\">\n\t\t\t\t\t\t<div class=\"elementor-container elementor-column-gap-default\">\n\t\t\t\t\t<div class=\"elementor-column elementor-col-100 elementor-top-column elementor-element elementor-element-2b8328cc\" data-id=\"2b8328cc\" data-element_type=\"column\" data-e-type=\"column\">\n\t\t\t<div class=\"elementor-widget-wrap elementor-element-populated\">\n\t\t\t\t\t\t<div class=\"elementor-element elementor-element-46735af1 elementor-widget elementor-widget-text-editor\" data-id=\"46735af1\" data-element_type=\"widget\" data-e-type=\"widget\" data-widget_type=\"text-editor.default\">\n\t\t\t\t<div class=\"elementor-widget-container\">\n\t\t\t\t\t\t\t\t\t\n<figure class=\"wp-block-image size-large\"><img decoding=\"async\" class=\"wp-image-1318 alignleft\" src=\"https:\/\/lasfotosdeles.eu\/wp-content\/uploads\/2023\/04\/portada-1024x915.jpg\" alt=\"\" width=\"199\" height=\"178\" srcset=\"https:\/\/lasfotosdeles.eu\/wp-content\/uploads\/2023\/04\/portada-1024x915.jpg 1024w, https:\/\/lasfotosdeles.eu\/wp-content\/uploads\/2023\/04\/portada-300x268.jpg 300w, https:\/\/lasfotosdeles.eu\/wp-content\/uploads\/2023\/04\/portada-768x686.jpg 768w, https:\/\/lasfotosdeles.eu\/wp-content\/uploads\/2023\/04\/portada-1536x1372.jpg 1536w, https:\/\/lasfotosdeles.eu\/wp-content\/uploads\/2023\/04\/portada-2048x1830.jpg 2048w, https:\/\/lasfotosdeles.eu\/wp-content\/uploads\/2023\/04\/portada-600x536.jpg 600w\" sizes=\"(max-width: 199px) 100vw, 199px\" \/><\/figure>\n\n<p>Este libro nace de la conjunci\u00f3n de dos esp\u00edritus inquietos. El de Luis, maestro y coleccionista de peonzas, investigador de sus mil y una posibilidades para el juego. El de Les, fot\u00f3grafa capaz de atrapar la luz y el movimiento en un instante irrepetible. Juntos han compuesto este \u201cSsszzzi\u00fauu\u201d (onomatopeya del sonido de la buxaina en el momento de ser lanzada) como si de un tema de jazz se tratara, d\u00e1ndole vueltas y vueltas a la melod\u00eda de las peonzas (no pod\u00eda ser de otra manera trat\u00e1ndose de este juguete).<\/p>\n\n<p>Estas fotograf\u00edas son verdaderos poemas visuales, elocuentes met\u00e1foras que nos hablan de la existencia y de los sue\u00f1os que la pueblan, del amor, del humor, de la imaginaci\u00f3n y del juego.<\/p>\n\n<p>El libro contiene una invitaci\u00f3n a la sorpresa y a la sonrisa, y sobre todo, a tomar una peonza entre las manos, lanzarla y sentir el \u201cSsszzzi\u00fauu\u201d que la haga bailar justo en el centro del mundo.<\/p>\n\n<p>Publiccado en diciembre de 2022, Se puede adquirir en el siguiente enlace:<\/p>\n\n<p><a href=\"https:\/\/www.publicacionesarenas.com\/product\/ssszzziuuu-la-melodia-de-las-peonzas\/\">https:\/\/www.publicacionesarenas.com\/product\/ssszzziuuu-la-melodia-de-las-peonzas\/<\/a><\/p>\n\t\t\t\t\t\t\t\t<\/div>\n\t\t\t\t<\/div>\n\t\t\t\t\t<\/div>\n\t\t<\/div>\n\t\t\t\t\t<\/div>\n\t\t<\/section>\n\t\t\t\t<\/div>\n\t\t","protected":false},"excerpt":{"rendered":"<p>Ssszzzi\u00fauu: La melod\u00eda de las peonzas. Este libro nace de la conjunci\u00f3n de dos esp\u00edritus inquietos. El de Luis, maestro y coleccionista de peonzas, investigador de sus mil y una posibilidades para el juego. El de Les, fot\u00f3grafa capaz de atrapar la luz y el movimiento en un instante irrepetible. Juntos han compuesto este \u201cSsszzzi\u00fauu\u201d [&hellip;]<\/p>\n","protected":false},"author":1,"featured_media":0,"parent":0,"menu_order":0,"comment_status":"closed","ping_status":"closed","template":"","meta":{"two_page_speed":[],"footnotes":""},"class_list":["post-1317","page","type-page","status-publish","hentry"],"_links":{"self":[{"href":"https:\/\/lasfotosdeles.eu\/index.php\/wp-json\/wp\/v2\/pages\/1317","targetHints":{"allow":["GET"]}}],"collection":[{"href":"https:\/\/lasfotosdeles.eu\/index.php\/wp-json\/wp\/v2\/pages"}],"about":[{"href":"https:\/\/lasfotosdeles.eu\/index.php\/wp-json\/wp\/v2\/types\/page"}],"author":[{"embeddable":true,"href":"https:\/\/lasfotosdeles.eu\/index.php\/wp-json\/wp\/v2\/users\/1"}],"replies":[{"embeddable":true,"href":"https:\/\/lasfotosdeles.eu\/index.php\/wp-json\/wp\/v2\/comments?post=1317"}],"version-history":[{"count":18,"href":"https:\/\/lasfotosdeles.eu\/index.php\/wp-json\/wp\/v2\/pages\/1317\/revisions"}],"predecessor-version":[{"id":2140,"href":"https:\/\/lasfotosdeles.eu\/index.php\/wp-json\/wp\/v2\/pages\/1317\/revisions\/2140"}],"wp:attachment":[{"href":"https:\/\/lasfotosdeles.eu\/index.php\/wp-json\/wp\/v2\/media?parent=1317"}],"curies":[{"name":"wp","href":"https:\/\/api.w.org\/{rel}","templated":true}]}}